{"id":1477,"date":"2026-02-17T16:27:34","date_gmt":"2026-02-17T15:27:34","guid":{"rendered":"https:\/\/industar.cxdesign.hu\/?page_id=1477"},"modified":"2026-02-18T14:53:20","modified_gmt":"2026-02-18T13:53:20","slug":"szolgaltatasok","status":"publish","type":"page","link":"https:\/\/industar.cxdesign.hu\/?page_id=1477","title":{"rendered":"Szolg\u00e1ltat\u00e1sok"},"content":{"rendered":"\t\t<div data-elementor-type=\"wp-page\" data-elementor-id=\"1477\" class=\"elementor elementor-1477\" data-elementor-post-type=\"page\">\n\t\t\t\t<div class=\"elementor-element elementor-element-407a1f8e e-con-full e-flex elementor-invisible e-con e-parent\" data-id=\"407a1f8e\" data-element_type=\"container\" data-e-type=\"container\" data-settings=\"{&quot;animation&quot;:&quot;fadeIn&quot;}\">\n\t\t<div class=\"elementor-element elementor-element-2f7ffada e-con-full e-flex e-con e-child\" data-id=\"2f7ffada\" data-element_type=\"container\" data-e-type=\"container\">\n\t\t<div class=\"elementor-element elementor-element-47e5efd9 e-con-full e-flex e-con e-child\" data-id=\"47e5efd9\" data-element_type=\"container\" data-e-type=\"container\" data-settings=\"{&quot;background_background&quot;:&quot;classic&quot;}\">\n\t\t<div class=\"elementor-element elementor-element-e585e65 e-con-full e-flex e-con e-child\" data-id=\"e585e65\" data-element_type=\"container\" data-e-type=\"container\">\n\t\t<div class=\"elementor-element elementor-element-6e7db271 e-con-full e-flex e-con e-child\" data-id=\"6e7db271\" data-element_type=\"container\" data-e-type=\"container\">\n\t\t<div class=\"elementor-element elementor-element-4c091fe0 e-con-full e-flex e-con e-child\" data-id=\"4c091fe0\" data-element_type=\"container\" data-e-type=\"container\">\n\t\t\t\t<div class=\"elementor-element elementor-element-5d89125f elementor-widget__width-initial elementor-widget-divider--view-line elementor-widget elementor-widget-divider\" data-id=\"5d89125f\" data-element_type=\"widget\" data-e-type=\"widget\" data-widget_type=\"divider.default\">\n\t\t\t\t\t\t\t<div class=\"elementor-divider\">\n\t\t\t<span class=\"elementor-divider-separator\">\n\t\t\t\t\t\t<\/span>\n\t\t<\/div>\n\t\t\t\t\t\t<\/div>\n\t\t\t\t<div class=\"elementor-element elementor-element-2ca360fe elementor-widget__width-initial elementor-widget elementor-widget-heading\" data-id=\"2ca360fe\" data-element_type=\"widget\" data-e-type=\"widget\" data-widget_type=\"heading.default\">\n\t\t\t\t\t<h2 class=\"elementor-heading-title elementor-size-default\"><b>\nSzolg\u00e1ltat\u00e1saink,<br>\n<\/b>\nKisz\u00e1m\u00edthat\u00f3s\u00e1g, Gazdas\u00e1goss\u00e1g, M\u0171szaki kiv\u00e1l\u00f3s\u00e1g \u00e9s Tapasztalat<\/h2>\t\t\t\t<\/div>\n\t\t\t\t<\/div>\n\t\t<div class=\"elementor-element elementor-element-6715d27 e-con-full e-flex e-con e-child\" data-id=\"6715d27\" data-element_type=\"container\" data-e-type=\"container\">\n\t\t\t\t<div class=\"elementor-element elementor-element-4a74663e elementor-widget__width-initial elementor-widget elementor-widget-text-editor\" data-id=\"4a74663e\" data-element_type=\"widget\" data-e-type=\"widget\" data-widget_type=\"text-editor.default\">\n\t\t\t\t\t\t\t\t\t<p><span style=\"font-weight: 400;\">Az <strong>Industar Kft.<\/strong> nem csup\u00e1n alkatr\u00e9szeket gy\u00e1rt; <strong>komplex m\u00e9rn\u00f6ki \u00e9s gy\u00e1rt\u00e1si megold\u00e1sokat k\u00edn\u00e1l,<\/strong> amelyek seg\u00edtik a partnereket abban, hogy saj\u00e1t piacukon versenyk\u00e9pesebb\u00e9, term\u00e9keik pedig megb\u00edzhat\u00f3bb\u00e1 v\u00e1ljanak.<\/span><\/p>\t\t\t\t\t\t\t\t<\/div>\n\t\t\t\t<\/div>\n\t\t\t\t<\/div>\n\t\t\t\t<\/div>\n\t\t<div class=\"elementor-element elementor-element-3fcc797d e-con-full e-flex e-con e-child\" data-id=\"3fcc797d\" data-element_type=\"container\" data-e-type=\"container\" data-settings=\"{&quot;background_background&quot;:&quot;classic&quot;}\">\n\t\t<div class=\"elementor-element elementor-element-30822dd7 e-con-full e-flex e-con e-child\" data-id=\"30822dd7\" data-element_type=\"container\" data-e-type=\"container\">\n\t\t<div class=\"elementor-element elementor-element-6233e059 e-con-full e-flex e-con e-child\" data-id=\"6233e059\" data-element_type=\"container\" data-e-type=\"container\">\n\t\t\t\t<div class=\"elementor-element elementor-element-3c0eb07 elementor-widget elementor-widget-heading\" data-id=\"3c0eb07\" data-element_type=\"widget\" data-e-type=\"widget\" data-widget_type=\"heading.default\">\n\t\t\t\t\t<h2 class=\"elementor-heading-title elementor-size-default\">T\u00f6bb mint<\/h2>\t\t\t\t<\/div>\n\t\t\t\t<div class=\"elementor-element elementor-element-687d67d5 elementor-widget__width-initial elementor-widget elementor-widget-heading\" data-id=\"687d67d5\" data-element_type=\"widget\" data-e-type=\"widget\" data-widget_type=\"heading.default\">\n\t\t\t\t\t<h2 class=\"elementor-heading-title elementor-size-default\">60<\/h2>\t\t\t\t<\/div>\n\t\t\t\t<div class=\"elementor-element elementor-element-62727b82 elementor-widget elementor-widget-heading\" data-id=\"62727b82\" data-element_type=\"widget\" data-e-type=\"widget\" data-widget_type=\"heading.default\">\n\t\t\t\t\t<h2 class=\"elementor-heading-title elementor-size-default\">\u00e9ve a szakm\u00e1ban<\/h2>\t\t\t\t<\/div>\n\t\t\t\t<\/div>\n\t\t\t\t<\/div>\n\t\t\t\t<\/div>\n\t\t\t\t<\/div>\n\t\t\t\t<\/div>\n\t\t<div class=\"elementor-element elementor-element-47d0afed e-con-full e-flex e-con e-child\" data-id=\"47d0afed\" data-element_type=\"container\" data-e-type=\"container\" data-settings=\"{&quot;background_background&quot;:&quot;classic&quot;}\">\n\t\t\t\t<\/div>\n\t\t\t\t<\/div>\n\t\t<div class=\"elementor-element elementor-element-7af9e14 e-con-full e-flex elementor-invisible e-con e-parent\" data-id=\"7af9e14\" data-element_type=\"container\" data-e-type=\"container\" data-settings=\"{&quot;animation&quot;:&quot;fadeIn&quot;}\">\n\t\t<div class=\"elementor-element elementor-element-b6d692c e-con-full e-flex e-con e-child\" data-id=\"b6d692c\" data-element_type=\"container\" data-e-type=\"container\">\n\t\t<div class=\"elementor-element elementor-element-e534a0f e-con-full e-flex e-con e-child\" data-id=\"e534a0f\" data-element_type=\"container\" data-e-type=\"container\" data-settings=\"{&quot;background_background&quot;:&quot;classic&quot;}\">\n\t\t<div class=\"elementor-element elementor-element-390c366 e-con-full e-flex e-con e-child\" data-id=\"390c366\" data-element_type=\"container\" data-e-type=\"container\">\n\t\t<div class=\"elementor-element elementor-element-25537f5 e-con-full e-flex e-con e-child\" data-id=\"25537f5\" data-element_type=\"container\" data-e-type=\"container\">\n\t\t<div class=\"elementor-element elementor-element-26c0527 e-con-full e-flex e-con e-child\" data-id=\"26c0527\" data-element_type=\"container\" data-e-type=\"container\">\n\t\t\t\t<div class=\"elementor-element elementor-element-9303639 elementor-widget__width-initial elementor-widget-divider--view-line elementor-widget elementor-widget-divider\" data-id=\"9303639\" data-element_type=\"widget\" data-e-type=\"widget\" data-widget_type=\"divider.default\">\n\t\t\t\t\t\t\t<div class=\"elementor-divider\">\n\t\t\t<span class=\"elementor-divider-separator\">\n\t\t\t\t\t\t<\/span>\n\t\t<\/div>\n\t\t\t\t\t\t<\/div>\n\t\t\t\t<div class=\"elementor-element elementor-element-22d8e98 elementor-widget__width-initial elementor-widget elementor-widget-heading\" data-id=\"22d8e98\" data-element_type=\"widget\" data-e-type=\"widget\" data-widget_type=\"heading.default\">\n\t\t\t\t\t<h2 class=\"elementor-heading-title elementor-size-default\"><b>\nL\u00e9zerv\u00e1g\u00e1s \n<br>\n<\/b>\n\u00e9s a professzion\u00e1lis <br>\ntechnikai h\u00e1tt\u00e9r, <br>\na modern ipar alapjai<\/h2>\t\t\t\t<\/div>\n\t\t\t\t<\/div>\n\t\t<div class=\"elementor-element elementor-element-dd5976e e-con-full e-flex e-con e-child\" data-id=\"dd5976e\" data-element_type=\"container\" data-e-type=\"container\">\n\t\t\t\t<div class=\"elementor-element elementor-element-2909531 elementor-widget__width-initial elementor-widget elementor-widget-text-editor\" data-id=\"2909531\" data-element_type=\"widget\" data-e-type=\"widget\" data-widget_type=\"text-editor.default\">\n\t\t\t\t\t\t\t\t\t<p><span style=\"font-weight: 400;\"><strong>Nem el\u00e9gsz\u00fcnk meg a m\u00faltb\u00e9li megold\u00e1sokkal,<\/strong> l\u00e9zerv\u00e1g\u00e1s szolg\u00e1ltat\u00e1sunk \u00e9ppoly prec\u00edz, gyors, valamint megb\u00edzhat\u00f3, mint a m\u00e9rn\u00f6keink munk\u00e1ja \u00e9s a legkorszer\u0171bb digit\u00e1lis berendez\u00e9seink k\u00e9pess\u00e9gei.<\/span><\/p>\t\t\t\t\t\t\t\t<\/div>\n\t\t\t\t<\/div>\n\t\t\t\t<\/div>\n\t\t\t\t<\/div>\n\t\t<div class=\"elementor-element elementor-element-b7ab417 e-con-full e-flex e-con e-child\" data-id=\"b7ab417\" data-element_type=\"container\" data-e-type=\"container\" data-settings=\"{&quot;background_background&quot;:&quot;classic&quot;}\">\n\t\t<div class=\"elementor-element elementor-element-c34682b e-con-full e-flex e-con e-child\" data-id=\"c34682b\" data-element_type=\"container\" data-e-type=\"container\">\n\t\t<div class=\"elementor-element elementor-element-c6a6178 e-con-full e-flex e-con e-child\" data-id=\"c6a6178\" data-element_type=\"container\" data-e-type=\"container\">\n\t\t\t\t<div class=\"elementor-element elementor-element-d664336 elementor-widget elementor-widget-heading\" data-id=\"d664336\" data-element_type=\"widget\" data-e-type=\"widget\" data-widget_type=\"heading.default\">\n\t\t\t\t\t<h2 class=\"elementor-heading-title elementor-size-default\">Munkadarab hossza<\/h2>\t\t\t\t<\/div>\n\t\t\t\t<div class=\"elementor-element elementor-element-fba627d elementor-widget__width-initial elementor-widget elementor-widget-heading\" data-id=\"fba627d\" data-element_type=\"widget\" data-e-type=\"widget\" data-widget_type=\"heading.default\">\n\t\t\t\t\t<h2 class=\"elementor-heading-title elementor-size-default\">6000<\/h2>\t\t\t\t<\/div>\n\t\t\t\t<div class=\"elementor-element elementor-element-09aa8c2 elementor-widget elementor-widget-heading\" data-id=\"09aa8c2\" data-element_type=\"widget\" data-e-type=\"widget\" data-widget_type=\"heading.default\">\n\t\t\t\t\t<h2 class=\"elementor-heading-title elementor-size-default\">millim\u00e9ter<\/h2>\t\t\t\t<\/div>\n\t\t\t\t<\/div>\n\t\t\t\t<\/div>\n\t\t\t\t<div class=\"elementor-element elementor-element-a4a8963 elementor-widget__width-initial elementor-widget elementor-widget-button\" data-id=\"a4a8963\" data-element_type=\"widget\" data-e-type=\"widget\" data-widget_type=\"button.default\">\n\t\t\t\t\t\t\t\t\t\t<a class=\"elementor-button elementor-button-link elementor-size-sm\" href=\"#\">\n\t\t\t\t\t\t<span class=\"elementor-button-content-wrapper\">\n\t\t\t\t\t\t<span class=\"elementor-button-icon\">\n\t\t\t\t<svg aria-hidden=\"true\" class=\"e-font-icon-svg e-fas-angle-right\" viewBox=\"0 0 256 512\" xmlns=\"http:\/\/www.w3.org\/2000\/svg\"><path d=\"M224.3 273l-136 136c-9.4 9.4-24.6 9.4-33.9 0l-22.6-22.6c-9.4-9.4-9.4-24.6 0-33.9l96.4-96.4-96.4-96.4c-9.4-9.4-9.4-24.6 0-33.9L54.3 103c9.4-9.4 24.6-9.4 33.9 0l136 136c9.5 9.4 9.5 24.6.1 34z\"><\/path><\/svg>\t\t\t<\/span>\n\t\t\t\t\t\t\t\t\t<span class=\"elementor-button-text\">erre van sz\u00fcks\u00e9gem<\/span>\n\t\t\t\t\t<\/span>\n\t\t\t\t\t<\/a>\n\t\t\t\t\t\t\t\t<\/div>\n\t\t\t\t<\/div>\n\t\t\t\t<\/div>\n\t\t\t\t<\/div>\n\t\t<div class=\"elementor-element elementor-element-0a86a9f e-con-full e-flex e-con e-child\" data-id=\"0a86a9f\" data-element_type=\"container\" data-e-type=\"container\" data-settings=\"{&quot;background_background&quot;:&quot;classic&quot;}\">\n\t\t\t\t<\/div>\n\t\t\t\t<\/div>\n\t\t\t\t<\/div>\n\t\t","protected":false},"excerpt":{"rendered":"<p>Szolg\u00e1ltat\u00e1saink, Kisz\u00e1m\u00edthat\u00f3s\u00e1g, Gazdas\u00e1goss\u00e1g, M\u0171szaki kiv\u00e1l\u00f3s\u00e1g \u00e9s Tapasztalat Az Industar Kft. nem csup\u00e1n alkatr\u00e9szeket gy\u00e1rt; komplex m\u00e9rn\u00f6ki \u00e9s gy\u00e1rt\u00e1si megold\u00e1sokat k\u00edn\u00e1l, amelyek seg\u00edtik a partnereket abban, hogy saj\u00e1t piacukon versenyk\u00e9pesebb\u00e9, term\u00e9keik pedig megb\u00edzhat\u00f3bb\u00e1 v\u00e1ljanak. T\u00f6bb mint 60 \u00e9ve a szakm\u00e1ban L\u00e9zerv\u00e1g\u00e1s \u00e9s a professzion\u00e1lis technikai h\u00e1tt\u00e9r, a modern ipar alapjai Nem el\u00e9gsz\u00fcnk meg a m\u00faltb\u00e9li megold\u00e1sokkal, [&hellip;]<\/p>\n","protected":false},"author":1,"featured_media":0,"parent":0,"menu_order":0,"comment_status":"closed","ping_status":"closed","template":"","meta":{"footnotes":""},"class_list":["post-1477","page","type-page","status-publish","hentry"],"_links":{"self":[{"href":"https:\/\/industar.cxdesign.hu\/index.php?rest_route=\/wp\/v2\/pages\/1477","targetHints":{"allow":["GET"]}}],"collection":[{"href":"https:\/\/industar.cxdesign.hu\/index.php?rest_route=\/wp\/v2\/pages"}],"about":[{"href":"https:\/\/industar.cxdesign.hu\/index.php?rest_route=\/wp\/v2\/types\/page"}],"author":[{"embeddable":true,"href":"https:\/\/industar.cxdesign.hu\/index.php?rest_route=\/wp\/v2\/users\/1"}],"replies":[{"embeddable":true,"href":"https:\/\/industar.cxdesign.hu\/index.php?rest_route=%2Fwp%2Fv2%2Fcomments&post=1477"}],"version-history":[{"count":133,"href":"https:\/\/industar.cxdesign.hu\/index.php?rest_route=\/wp\/v2\/pages\/1477\/revisions"}],"predecessor-version":[{"id":1896,"href":"https:\/\/industar.cxdesign.hu\/index.php?rest_route=\/wp\/v2\/pages\/1477\/revisions\/1896"}],"wp:attachment":[{"href":"https:\/\/industar.cxdesign.hu\/index.php?rest_route=%2Fwp%2Fv2%2Fmedia&parent=1477"}],"curies":[{"name":"wp","href":"https:\/\/api.w.org\/{rel}","templated":true}]}}