{"id":1545,"date":"2026-02-17T18:50:18","date_gmt":"2026-02-17T17:50:18","guid":{"rendered":"https:\/\/industar.cxdesign.hu\/?page_id=1545"},"modified":"2026-02-18T14:51:38","modified_gmt":"2026-02-18T13:51:38","slug":"karrier","status":"publish","type":"page","link":"https:\/\/industar.cxdesign.hu\/?page_id=1545","title":{"rendered":"Karrier"},"content":{"rendered":"\t\t<div data-elementor-type=\"wp-page\" data-elementor-id=\"1545\" class=\"elementor elementor-1545\" data-elementor-post-type=\"page\">\n\t\t\t\t<div class=\"elementor-element elementor-element-68d9aff2 e-con-full e-flex elementor-invisible e-con e-parent\" data-id=\"68d9aff2\" data-element_type=\"container\" data-e-type=\"container\" data-settings=\"{&quot;animation&quot;:&quot;fadeIn&quot;}\">\n\t\t<div class=\"elementor-element elementor-element-24c0dab9 e-con-full e-flex e-con e-child\" data-id=\"24c0dab9\" data-element_type=\"container\" data-e-type=\"container\">\n\t\t<div class=\"elementor-element elementor-element-27bb2233 e-con-full e-flex e-con e-child\" data-id=\"27bb2233\" data-element_type=\"container\" data-e-type=\"container\" data-settings=\"{&quot;background_background&quot;:&quot;classic&quot;}\">\n\t\t<div class=\"elementor-element elementor-element-6bcfe0ab e-con-full e-flex e-con e-child\" data-id=\"6bcfe0ab\" data-element_type=\"container\" data-e-type=\"container\">\n\t\t<div class=\"elementor-element elementor-element-7c00d0d0 e-con-full e-flex e-con e-child\" data-id=\"7c00d0d0\" data-element_type=\"container\" data-e-type=\"container\">\n\t\t<div class=\"elementor-element elementor-element-74f6eb61 e-con-full e-flex e-con e-child\" data-id=\"74f6eb61\" data-element_type=\"container\" data-e-type=\"container\">\n\t\t\t\t<div class=\"elementor-element elementor-element-6e977896 elementor-widget__width-initial elementor-widget-divider--view-line elementor-widget elementor-widget-divider\" data-id=\"6e977896\" data-element_type=\"widget\" data-e-type=\"widget\" data-widget_type=\"divider.default\">\n\t\t\t\t\t\t\t<div class=\"elementor-divider\">\n\t\t\t<span class=\"elementor-divider-separator\">\n\t\t\t\t\t\t<\/span>\n\t\t<\/div>\n\t\t\t\t\t\t<\/div>\n\t\t\t\t<div class=\"elementor-element elementor-element-3363a1c5 elementor-widget__width-initial elementor-widget elementor-widget-heading\" data-id=\"3363a1c5\" data-element_type=\"widget\" data-e-type=\"widget\" data-widget_type=\"heading.default\">\n\t\t\t\t\t<h2 class=\"elementor-heading-title elementor-size-default\"><b>\nKarrier,\n<br>\n<\/b>\nStabilit\u00e1s, <br>\nSzakmais\u00e1g \u00e9s K\u00f6z\u00f6ss\u00e9g<\/h2>\t\t\t\t<\/div>\n\t\t\t\t<\/div>\n\t\t<div class=\"elementor-element elementor-element-2a8f079c e-con-full e-flex e-con e-child\" data-id=\"2a8f079c\" data-element_type=\"container\" data-e-type=\"container\">\n\t\t\t\t<div class=\"elementor-element elementor-element-2896f463 elementor-widget__width-initial elementor-widget elementor-widget-text-editor\" data-id=\"2896f463\" data-element_type=\"widget\" data-e-type=\"widget\" data-widget_type=\"text-editor.default\">\n\t\t\t\t\t\t\t\t\t<p><span style=\"font-weight: 400;\"><strong>Csatlakozz az Industar Kft. csapat\u00e1hoz!<\/strong> 1962 \u00f3ta meghat\u00e1roz\u00f3 szerepl\u0151i vagyunk az f\u00e9mipari prec\u00edzi\u00f3s gy\u00e1rt\u00e1s ter\u00fclet\u00e9n.<\/span><\/p><p><span style=\"font-weight: 400;\"><strong>Fels\u0151zsolcai k\u00f6zpontunkba<\/strong> olyan elhivatott munkat\u00e1rsakat v\u00e1runk, akik \u00e9rt\u00e9kelik a stabilit\u00e1st \u00e9s a szakmai precizit\u00e1st.<\/span><\/p>\t\t\t\t\t\t\t\t<\/div>\n\t\t\t\t<div class=\"elementor-element elementor-element-4ca9164a elementor-widget__width-initial elementor-widget elementor-widget-image\" data-id=\"4ca9164a\" data-element_type=\"widget\" data-e-type=\"widget\" data-widget_type=\"image.default\">\n\t\t\t\t\t\t\t\t\t\t\t\t\t\t\t<img decoding=\"async\" width=\"342\" height=\"36\" src=\"https:\/\/industar.cxdesign.hu\/wp-content\/uploads\/2026\/02\/Partner-logos-01.png\" class=\"attachment-full size-full wp-image-81\" alt=\"\" srcset=\"https:\/\/industar.cxdesign.hu\/wp-content\/uploads\/2026\/02\/Partner-logos-01.png 342w, https:\/\/industar.cxdesign.hu\/wp-content\/uploads\/2026\/02\/Partner-logos-01-300x32.png 300w\" sizes=\"(max-width: 342px) 100vw, 342px\" \/>\t\t\t\t\t\t\t\t\t\t\t\t\t\t\t<\/div>\n\t\t\t\t<\/div>\n\t\t\t\t<\/div>\n\t\t\t\t<\/div>\n\t\t<div class=\"elementor-element elementor-element-53a35e09 e-con-full e-flex e-con e-child\" data-id=\"53a35e09\" data-element_type=\"container\" data-e-type=\"container\" data-settings=\"{&quot;background_background&quot;:&quot;classic&quot;}\">\n\t\t<div class=\"elementor-element elementor-element-1ee95383 e-con-full e-flex e-con e-child\" data-id=\"1ee95383\" data-element_type=\"container\" data-e-type=\"container\">\n\t\t<div class=\"elementor-element elementor-element-37ac9a43 e-con-full e-flex e-con e-child\" data-id=\"37ac9a43\" data-element_type=\"container\" data-e-type=\"container\">\n\t\t\t\t<div class=\"elementor-element elementor-element-7745e747 elementor-widget elementor-widget-heading\" data-id=\"7745e747\" data-element_type=\"widget\" data-e-type=\"widget\" data-widget_type=\"heading.default\">\n\t\t\t\t\t<h2 class=\"elementor-heading-title elementor-size-default\">T\u00f6bb mint<\/h2>\t\t\t\t<\/div>\n\t\t\t\t<div class=\"elementor-element elementor-element-4891a7ff elementor-widget__width-initial elementor-widget elementor-widget-heading\" data-id=\"4891a7ff\" data-element_type=\"widget\" data-e-type=\"widget\" data-widget_type=\"heading.default\">\n\t\t\t\t\t<h2 class=\"elementor-heading-title elementor-size-default\">60<\/h2>\t\t\t\t<\/div>\n\t\t\t\t<div class=\"elementor-element elementor-element-5fe215e8 elementor-widget elementor-widget-heading\" data-id=\"5fe215e8\" data-element_type=\"widget\" data-e-type=\"widget\" data-widget_type=\"heading.default\">\n\t\t\t\t\t<h2 class=\"elementor-heading-title elementor-size-default\">\u00e9ve a szakm\u00e1ban<\/h2>\t\t\t\t<\/div>\n\t\t\t\t<\/div>\n\t\t\t\t<\/div>\n\t\t\t\t<\/div>\n\t\t\t\t<\/div>\n\t\t\t\t<\/div>\n\t\t<div class=\"elementor-element elementor-element-4dad35a7 e-con-full e-flex e-con e-child\" data-id=\"4dad35a7\" data-element_type=\"container\" data-e-type=\"container\" data-settings=\"{&quot;background_background&quot;:&quot;classic&quot;}\">\n\t\t\t\t<\/div>\n\t\t\t\t<\/div>\n\t\t\t\t<\/div>\n\t\t","protected":false},"excerpt":{"rendered":"<p>Karrier, Stabilit\u00e1s, Szakmais\u00e1g \u00e9s K\u00f6z\u00f6ss\u00e9g Csatlakozz az Industar Kft. csapat\u00e1hoz! 1962 \u00f3ta meghat\u00e1roz\u00f3 szerepl\u0151i vagyunk az f\u00e9mipari prec\u00edzi\u00f3s gy\u00e1rt\u00e1s ter\u00fclet\u00e9n. Fels\u0151zsolcai k\u00f6zpontunkba olyan elhivatott munkat\u00e1rsakat v\u00e1runk, akik \u00e9rt\u00e9kelik a stabilit\u00e1st \u00e9s a szakmai precizit\u00e1st. T\u00f6bb mint 60 \u00e9ve a szakm\u00e1ban<\/p>\n","protected":false},"author":1,"featured_media":0,"parent":0,"menu_order":0,"comment_status":"closed","ping_status":"closed","template":"","meta":{"footnotes":""},"class_list":["post-1545","page","type-page","status-publish","hentry"],"_links":{"self":[{"href":"https:\/\/industar.cxdesign.hu\/index.php?rest_route=\/wp\/v2\/pages\/1545","targetHints":{"allow":["GET"]}}],"collection":[{"href":"https:\/\/industar.cxdesign.hu\/index.php?rest_route=\/wp\/v2\/pages"}],"about":[{"href":"https:\/\/industar.cxdesign.hu\/index.php?rest_route=\/wp\/v2\/types\/page"}],"author":[{"embeddable":true,"href":"https:\/\/industar.cxdesign.hu\/index.php?rest_route=\/wp\/v2\/users\/1"}],"replies":[{"embeddable":true,"href":"https:\/\/industar.cxdesign.hu\/index.php?rest_route=%2Fwp%2Fv2%2Fcomments&post=1545"}],"version-history":[{"count":16,"href":"https:\/\/industar.cxdesign.hu\/index.php?rest_route=\/wp\/v2\/pages\/1545\/revisions"}],"predecessor-version":[{"id":1887,"href":"https:\/\/industar.cxdesign.hu\/index.php?rest_route=\/wp\/v2\/pages\/1545\/revisions\/1887"}],"wp:attachment":[{"href":"https:\/\/industar.cxdesign.hu\/index.php?rest_route=%2Fwp%2Fv2%2Fmedia&parent=1545"}],"curies":[{"name":"wp","href":"https:\/\/api.w.org\/{rel}","templated":true}]}}