{"id":1743,"date":"2026-02-18T12:00:23","date_gmt":"2026-02-18T11:00:23","guid":{"rendered":"https:\/\/industar.cxdesign.hu\/?page_id=1743"},"modified":"2026-02-18T15:00:20","modified_gmt":"2026-02-18T14:00:20","slug":"rolunk","status":"publish","type":"page","link":"https:\/\/industar.cxdesign.hu\/?page_id=1743","title":{"rendered":"R\u00f3lunk"},"content":{"rendered":"\t\t<div data-elementor-type=\"wp-page\" data-elementor-id=\"1743\" class=\"elementor elementor-1743\" data-elementor-post-type=\"page\">\n\t\t\t\t<div class=\"elementor-element elementor-element-3e419958 e-con-full e-flex elementor-invisible e-con e-parent\" data-id=\"3e419958\" data-element_type=\"container\" data-e-type=\"container\" data-settings=\"{&quot;animation&quot;:&quot;fadeIn&quot;}\">\n\t\t<div class=\"elementor-element elementor-element-4101bdb1 e-con-full e-flex e-con e-child\" data-id=\"4101bdb1\" data-element_type=\"container\" data-e-type=\"container\">\n\t\t<div class=\"elementor-element elementor-element-2b60dfb8 e-con-full e-flex e-con e-child\" data-id=\"2b60dfb8\" data-element_type=\"container\" data-e-type=\"container\" data-settings=\"{&quot;background_background&quot;:&quot;classic&quot;}\">\n\t\t<div class=\"elementor-element elementor-element-4d83ead e-con-full e-flex e-con e-child\" data-id=\"4d83ead\" data-element_type=\"container\" data-e-type=\"container\">\n\t\t<div class=\"elementor-element elementor-element-56a78fc8 e-con-full e-flex e-con e-child\" data-id=\"56a78fc8\" data-element_type=\"container\" data-e-type=\"container\" data-settings=\"{&quot;background_background&quot;:&quot;classic&quot;}\">\n\t\t<div class=\"elementor-element elementor-element-7708f90f e-con-full e-flex e-con e-child\" data-id=\"7708f90f\" data-element_type=\"container\" data-e-type=\"container\">\n\t\t\t\t<div class=\"elementor-element elementor-element-2888b400 elementor-widget__width-initial elementor-widget elementor-widget-heading\" data-id=\"2888b400\" data-element_type=\"widget\" data-e-type=\"widget\" data-widget_type=\"heading.default\">\n\t\t\t\t\t<h2 class=\"elementor-heading-title elementor-size-default\"><b>R\u00f3lunk,<\/b>\n<br>\nT\u00f6rt\u00e9net\u00fcnk,<br>\n\u00e9rt\u00e9keink \u00e9s \nc\u00e9lkit\u0171z\u00e9seink<\/h2>\t\t\t\t<\/div>\n\t\t\t\t<\/div>\n\t\t\t\t<\/div>\n\t\t\t\t<div class=\"elementor-element elementor-element-5ffe29f elementor-widget elementor-widget-text-editor\" data-id=\"5ffe29f\" data-element_type=\"widget\" data-e-type=\"widget\" data-widget_type=\"text-editor.default\">\n\t\t\t\t\t\t\t\t\t<p>Lorem ipsum dolor sit amet, consectetur adipiscing elit. Ut elit tellus, luctus nec ullamcorper mattis, pulvinar dapibus leo.<\/p>\t\t\t\t\t\t\t\t<\/div>\n\t\t\t\t<\/div>\n\t\t<div class=\"elementor-element elementor-element-6a8e69 e-con-full e-flex e-con e-child\" data-id=\"6a8e69\" data-element_type=\"container\" data-e-type=\"container\" data-settings=\"{&quot;background_background&quot;:&quot;classic&quot;}\">\n\t\t\t\t<div class=\"elementor-element elementor-element-61727bad elementor-widget elementor-widget-image\" data-id=\"61727bad\" data-element_type=\"widget\" data-e-type=\"widget\" data-widget_type=\"image.default\">\n\t\t\t\t\t\t\t\t\t\t\t\t\t\t\t<img fetchpriority=\"high\" decoding=\"async\" width=\"600\" height=\"400\" src=\"https:\/\/industar.cxdesign.hu\/wp-content\/uploads\/2026\/02\/AdobeStock_376027423.webp\" class=\"attachment-full size-full wp-image-1904\" alt=\"\" srcset=\"https:\/\/industar.cxdesign.hu\/wp-content\/uploads\/2026\/02\/AdobeStock_376027423.webp 600w, https:\/\/industar.cxdesign.hu\/wp-content\/uploads\/2026\/02\/AdobeStock_376027423-300x200.webp 300w\" sizes=\"(max-width: 600px) 100vw, 600px\" \/>\t\t\t\t\t\t\t\t\t\t\t\t\t\t\t<\/div>\n\t\t<div class=\"elementor-element elementor-element-6b4af3d4 e-con-full e-flex e-con e-child\" data-id=\"6b4af3d4\" data-element_type=\"container\" data-e-type=\"container\">\n\t\t\t\t<div class=\"elementor-element elementor-element-49ca7c74 elementor-widget elementor-widget-image\" data-id=\"49ca7c74\" data-element_type=\"widget\" data-e-type=\"widget\" data-widget_type=\"image.default\">\n\t\t\t\t\t\t\t\t\t\t\t\t\t\t\t<img decoding=\"async\" width=\"1014\" height=\"250\" src=\"https:\/\/industar.cxdesign.hu\/wp-content\/uploads\/2026\/02\/Map-02.jpg\" class=\"attachment-full size-full wp-image-1845\" alt=\"\" srcset=\"https:\/\/industar.cxdesign.hu\/wp-content\/uploads\/2026\/02\/Map-02.jpg 1014w, https:\/\/industar.cxdesign.hu\/wp-content\/uploads\/2026\/02\/Map-02-300x74.jpg 300w, https:\/\/industar.cxdesign.hu\/wp-content\/uploads\/2026\/02\/Map-02-768x189.jpg 768w\" sizes=\"(max-width: 1014px) 100vw, 1014px\" \/>\t\t\t\t\t\t\t\t\t\t\t\t\t\t\t<\/div>\n\t\t\t\t<\/div>\n\t\t\t\t<\/div>\n\t\t\t\t<\/div>\n\t\t\t\t<\/div>\n\t\t<div class=\"elementor-element elementor-element-63ffcbf1 e-con-full e-flex e-con e-child\" data-id=\"63ffcbf1\" data-element_type=\"container\" data-e-type=\"container\" data-settings=\"{&quot;background_background&quot;:&quot;classic&quot;}\">\n\t\t\t\t<\/div>\n\t\t\t\t<\/div>\n\t\t\t\t<\/div>\n\t\t","protected":false},"excerpt":{"rendered":"<p>R\u00f3lunk, T\u00f6rt\u00e9net\u00fcnk, \u00e9rt\u00e9keink \u00e9s c\u00e9lkit\u0171z\u00e9seink Lorem ipsum dolor sit amet, consectetur adipiscing elit. Ut elit tellus, luctus nec ullamcorper mattis, pulvinar dapibus leo.<\/p>\n","protected":false},"author":1,"featured_media":0,"parent":0,"menu_order":0,"comment_status":"closed","ping_status":"closed","template":"","meta":{"footnotes":""},"class_list":["post-1743","page","type-page","status-publish","hentry"],"_links":{"self":[{"href":"https:\/\/industar.cxdesign.hu\/index.php?rest_route=\/wp\/v2\/pages\/1743","targetHints":{"allow":["GET"]}}],"collection":[{"href":"https:\/\/industar.cxdesign.hu\/index.php?rest_route=\/wp\/v2\/pages"}],"about":[{"href":"https:\/\/industar.cxdesign.hu\/index.php?rest_route=\/wp\/v2\/types\/page"}],"author":[{"embeddable":true,"href":"https:\/\/industar.cxdesign.hu\/index.php?rest_route=\/wp\/v2\/users\/1"}],"replies":[{"embeddable":true,"href":"https:\/\/industar.cxdesign.hu\/index.php?rest_route=%2Fwp%2Fv2%2Fcomments&post=1743"}],"version-history":[{"count":28,"href":"https:\/\/industar.cxdesign.hu\/index.php?rest_route=\/wp\/v2\/pages\/1743\/revisions"}],"predecessor-version":[{"id":1919,"href":"https:\/\/industar.cxdesign.hu\/index.php?rest_route=\/wp\/v2\/pages\/1743\/revisions\/1919"}],"wp:attachment":[{"href":"https:\/\/industar.cxdesign.hu\/index.php?rest_route=%2Fwp%2Fv2%2Fmedia&parent=1743"}],"curies":[{"name":"wp","href":"https:\/\/api.w.org\/{rel}","templated":true}]}}