{"id":1756,"date":"2026-02-18T12:06:42","date_gmt":"2026-02-18T11:06:42","guid":{"rendered":"https:\/\/industar.cxdesign.hu\/?page_id=1756"},"modified":"2026-02-18T12:08:15","modified_gmt":"2026-02-18T11:08:15","slug":"minosegbiztositas","status":"publish","type":"page","link":"https:\/\/industar.cxdesign.hu\/?page_id=1756","title":{"rendered":"Min\u0151s\u00e9gbiztos\u00edt\u00e1s"},"content":{"rendered":"\t\t<div data-elementor-type=\"wp-page\" data-elementor-id=\"1756\" class=\"elementor elementor-1756\" data-elementor-post-type=\"page\">\n\t\t\t\t<div class=\"elementor-element elementor-element-3865f232 e-con-full e-flex e-con e-parent\" data-id=\"3865f232\" data-element_type=\"container\" data-e-type=\"container\">\n\t\t<div class=\"elementor-element elementor-element-38faa04d e-con-full e-flex e-con e-child\" data-id=\"38faa04d\" data-element_type=\"container\" data-e-type=\"container\">\n\t\t<div class=\"elementor-element elementor-element-518cabaa e-con-full e-flex e-con e-child\" data-id=\"518cabaa\" data-element_type=\"container\" data-e-type=\"container\" data-settings=\"{&quot;background_background&quot;:&quot;classic&quot;}\">\n\t\t<div class=\"elementor-element elementor-element-4d814ef4 e-con-full e-flex e-con e-child\" data-id=\"4d814ef4\" data-element_type=\"container\" data-e-type=\"container\">\n\t\t<div class=\"elementor-element elementor-element-5b74ec9 e-con-full e-flex e-con e-child\" data-id=\"5b74ec9\" data-element_type=\"container\" data-e-type=\"container\">\n\t\t<div class=\"elementor-element elementor-element-4ec17d13 e-con-full e-flex e-con e-child\" data-id=\"4ec17d13\" data-element_type=\"container\" data-e-type=\"container\">\n\t\t\t\t<div class=\"elementor-element elementor-element-1889ca36 elementor-widget__width-initial elementor-widget-divider--view-line elementor-widget elementor-widget-divider\" data-id=\"1889ca36\" data-element_type=\"widget\" data-e-type=\"widget\" data-widget_type=\"divider.default\">\n\t\t\t\t\t\t\t<div class=\"elementor-divider\">\n\t\t\t<span class=\"elementor-divider-separator\">\n\t\t\t\t\t\t<\/span>\n\t\t<\/div>\n\t\t\t\t\t\t<\/div>\n\t\t\t\t<div class=\"elementor-element elementor-element-59bba07a elementor-widget__width-initial elementor-widget elementor-widget-heading\" data-id=\"59bba07a\" data-element_type=\"widget\" data-e-type=\"widget\" data-widget_type=\"heading.default\">\n\t\t\t\t\t<h2 class=\"elementor-heading-title elementor-size-default\"><b>Min\u0151s\u00e9gbiztos\u00edt\u00e1s<\/b><br>\n\u00e9s min\u0151s\u00e9gir\u00e1ny\u00edt\u00e1si \ntan\u00fas\u00edtv\u00e1nyok\n<\/h2>\t\t\t\t<\/div>\n\t\t\t\t<\/div>\n\t\t<div class=\"elementor-element elementor-element-373fd793 e-con-full e-flex e-con e-child\" data-id=\"373fd793\" data-element_type=\"container\" data-e-type=\"container\">\n\t\t\t\t<div class=\"elementor-element elementor-element-7b007150 elementor-widget__width-initial elementor-widget elementor-widget-text-editor\" data-id=\"7b007150\" data-element_type=\"widget\" data-e-type=\"widget\" data-widget_type=\"text-editor.default\">\n\t\t\t\t\t\t\t\t\t<p><strong>A f\u00e9mmegmunk\u00e1l\u00e1s n\u00e1lunk prec\u00edzi\u00f3s m\u0171v\u00e9szet. <\/strong>Tapasztalt csapatunk a leg\u00fajabb eszk\u00f6z\u00f6kkel garant\u00e1lja a kifog\u00e1stalan min\u0151s\u00e9get \u00e9s a maxim\u00e1lis precizit\u00e1st.<\/p>\t\t\t\t\t\t\t\t<\/div>\n\t\t\t\t<div class=\"elementor-element elementor-element-db5e1bb elementor-widget__width-initial elementor-widget elementor-widget-image\" data-id=\"db5e1bb\" data-element_type=\"widget\" data-e-type=\"widget\" data-widget_type=\"image.default\">\n\t\t\t\t\t\t\t\t\t\t\t\t\t\t\t<img decoding=\"async\" width=\"342\" height=\"36\" src=\"https:\/\/industar.cxdesign.hu\/wp-content\/uploads\/2026\/02\/Partner-logos-01.png\" class=\"attachment-full size-full wp-image-81\" alt=\"\" srcset=\"https:\/\/industar.cxdesign.hu\/wp-content\/uploads\/2026\/02\/Partner-logos-01.png 342w, https:\/\/industar.cxdesign.hu\/wp-content\/uploads\/2026\/02\/Partner-logos-01-300x32.png 300w\" sizes=\"(max-width: 342px) 100vw, 342px\" \/>\t\t\t\t\t\t\t\t\t\t\t\t\t\t\t<\/div>\n\t\t\t\t<\/div>\n\t\t\t\t<\/div>\n\t\t\t\t<\/div>\n\t\t<div class=\"elementor-element elementor-element-610c2a1e e-con-full e-flex e-con e-child\" data-id=\"610c2a1e\" data-element_type=\"container\" data-e-type=\"container\" data-settings=\"{&quot;background_background&quot;:&quot;classic&quot;}\">\n\t\t<div class=\"elementor-element elementor-element-15142302 e-con-full e-flex e-con e-child\" data-id=\"15142302\" data-element_type=\"container\" data-e-type=\"container\">\n\t\t<div class=\"elementor-element elementor-element-47c63948 e-con-full e-flex e-con e-child\" data-id=\"47c63948\" data-element_type=\"container\" data-e-type=\"container\">\n\t\t\t\t<div class=\"elementor-element elementor-element-17792dba elementor-widget elementor-widget-heading\" data-id=\"17792dba\" data-element_type=\"widget\" data-e-type=\"widget\" data-widget_type=\"heading.default\">\n\t\t\t\t\t<h2 class=\"elementor-heading-title elementor-size-default\">T\u00f6bb mint<\/h2>\t\t\t\t<\/div>\n\t\t\t\t<div class=\"elementor-element elementor-element-33f193da elementor-widget__width-initial elementor-widget elementor-widget-heading\" data-id=\"33f193da\" data-element_type=\"widget\" data-e-type=\"widget\" data-widget_type=\"heading.default\">\n\t\t\t\t\t<h2 class=\"elementor-heading-title elementor-size-default\">60<\/h2>\t\t\t\t<\/div>\n\t\t\t\t<div class=\"elementor-element elementor-element-5dd99bd9 elementor-widget elementor-widget-heading\" data-id=\"5dd99bd9\" data-element_type=\"widget\" data-e-type=\"widget\" data-widget_type=\"heading.default\">\n\t\t\t\t\t<h2 class=\"elementor-heading-title elementor-size-default\">\u00e9ve a szakm\u00e1ban<\/h2>\t\t\t\t<\/div>\n\t\t\t\t<\/div>\n\t\t\t\t<\/div>\n\t\t\t\t<\/div>\n\t\t\t\t<\/div>\n\t\t\t\t<\/div>\n\t\t<div class=\"elementor-element elementor-element-39f9ff2d e-con-full e-flex e-con e-child\" data-id=\"39f9ff2d\" data-element_type=\"container\" data-e-type=\"container\" data-settings=\"{&quot;background_background&quot;:&quot;classic&quot;}\">\n\t\t\t\t<\/div>\n\t\t\t\t<\/div>\n\t\t\t\t<\/div>\n\t\t","protected":false},"excerpt":{"rendered":"<p>Min\u0151s\u00e9gbiztos\u00edt\u00e1s \u00e9s min\u0151s\u00e9gir\u00e1ny\u00edt\u00e1si tan\u00fas\u00edtv\u00e1nyok A f\u00e9mmegmunk\u00e1l\u00e1s n\u00e1lunk prec\u00edzi\u00f3s m\u0171v\u00e9szet. Tapasztalt csapatunk a leg\u00fajabb eszk\u00f6z\u00f6kkel garant\u00e1lja a kifog\u00e1stalan min\u0151s\u00e9get \u00e9s a maxim\u00e1lis precizit\u00e1st. T\u00f6bb mint 60 \u00e9ve a szakm\u00e1ban<\/p>\n","protected":false},"author":1,"featured_media":0,"parent":0,"menu_order":0,"comment_status":"closed","ping_status":"closed","template":"","meta":{"footnotes":""},"class_list":["post-1756","page","type-page","status-publish","hentry"],"_links":{"self":[{"href":"https:\/\/industar.cxdesign.hu\/index.php?rest_route=\/wp\/v2\/pages\/1756","targetHints":{"allow":["GET"]}}],"collection":[{"href":"https:\/\/industar.cxdesign.hu\/index.php?rest_route=\/wp\/v2\/pages"}],"about":[{"href":"https:\/\/industar.cxdesign.hu\/index.php?rest_route=\/wp\/v2\/types\/page"}],"author":[{"embeddable":true,"href":"https:\/\/industar.cxdesign.hu\/index.php?rest_route=\/wp\/v2\/users\/1"}],"replies":[{"embeddable":true,"href":"https:\/\/industar.cxdesign.hu\/index.php?rest_route=%2Fwp%2Fv2%2Fcomments&post=1756"}],"version-history":[{"count":4,"href":"https:\/\/industar.cxdesign.hu\/index.php?rest_route=\/wp\/v2\/pages\/1756\/revisions"}],"predecessor-version":[{"id":1760,"href":"https:\/\/industar.cxdesign.hu\/index.php?rest_route=\/wp\/v2\/pages\/1756\/revisions\/1760"}],"wp:attachment":[{"href":"https:\/\/industar.cxdesign.hu\/index.php?rest_route=%2Fwp%2Fv2%2Fmedia&parent=1756"}],"curies":[{"name":"wp","href":"https:\/\/api.w.org\/{rel}","templated":true}]}}