{"id":1764,"date":"2026-02-18T12:12:10","date_gmt":"2026-02-18T11:12:10","guid":{"rendered":"https:\/\/industar.cxdesign.hu\/?page_id=1764"},"modified":"2026-02-18T15:01:35","modified_gmt":"2026-02-18T14:01:35","slug":"kapcsolat","status":"publish","type":"page","link":"https:\/\/industar.cxdesign.hu\/?page_id=1764","title":{"rendered":"Kapcsolat"},"content":{"rendered":"\t\t<div data-elementor-type=\"wp-page\" data-elementor-id=\"1764\" class=\"elementor elementor-1764\" data-elementor-post-type=\"page\">\n\t\t\t\t<div class=\"elementor-element elementor-element-349d87ad e-con-full e-flex elementor-invisible e-con e-parent\" data-id=\"349d87ad\" data-element_type=\"container\" data-e-type=\"container\" data-settings=\"{&quot;animation&quot;:&quot;fadeIn&quot;}\">\n\t\t<div class=\"elementor-element elementor-element-3298071c e-con-full e-flex e-con e-child\" data-id=\"3298071c\" data-element_type=\"container\" data-e-type=\"container\">\n\t\t<div class=\"elementor-element elementor-element-df71c10 e-con-full e-flex e-con e-child\" data-id=\"df71c10\" data-element_type=\"container\" data-e-type=\"container\" data-settings=\"{&quot;background_background&quot;:&quot;classic&quot;}\">\n\t\t<div class=\"elementor-element elementor-element-25b6b821 e-con-full e-flex e-con e-child\" data-id=\"25b6b821\" data-element_type=\"container\" data-e-type=\"container\">\n\t\t<div class=\"elementor-element elementor-element-9585db4 e-con-full e-flex e-con e-child\" data-id=\"9585db4\" data-element_type=\"container\" data-e-type=\"container\" data-settings=\"{&quot;background_background&quot;:&quot;classic&quot;}\">\n\t\t<div class=\"elementor-element elementor-element-5b29727d e-con-full e-flex e-con e-child\" data-id=\"5b29727d\" data-element_type=\"container\" data-e-type=\"container\">\n\t\t\t\t<div class=\"elementor-element elementor-element-4e5e313e elementor-widget__width-initial elementor-widget elementor-widget-heading\" data-id=\"4e5e313e\" data-element_type=\"widget\" data-e-type=\"widget\" data-widget_type=\"heading.default\">\n\t\t\t\t\t<h2 class=\"elementor-heading-title elementor-size-default\"><b>Kapcsolat<\/b><br>\n\u00e9s el\u00e9rhet\u0151s\u00e9gek<\/h2>\t\t\t\t<\/div>\n\t\t\t\t<\/div>\n\t\t<div class=\"elementor-element elementor-element-503e6801 e-con-full e-flex e-con e-child\" data-id=\"503e6801\" data-element_type=\"container\" data-e-type=\"container\">\n\t\t\t\t<div class=\"elementor-element elementor-element-5b00bfec elementor-widget__width-initial elementor-widget elementor-widget-text-editor\" data-id=\"5b00bfec\" data-element_type=\"widget\" data-e-type=\"widget\" data-widget_type=\"text-editor.default\">\n\t\t\t\t\t\t\t\t\t<p><b>Adja meg el\u00e9rhet\u0151s\u00e9g\u00e9t <\/b>\u00e9s munkat\u00e1rsunk hamarosan felveni \u00d6nnel a kapcsolatot.<\/p>\t\t\t\t\t\t\t\t<\/div>\n\t\t\t\t<\/div>\n\t\t\t\t<\/div>\n\t\t\t\t<\/div>\n\t\t<div class=\"elementor-element elementor-element-6dca716d e-con-full e-flex e-con e-child\" data-id=\"6dca716d\" data-element_type=\"container\" data-e-type=\"container\" data-settings=\"{&quot;background_background&quot;:&quot;classic&quot;}\">\n\t\t\t\t<div class=\"elementor-element elementor-element-8981da0 elementor-widget elementor-widget-image\" data-id=\"8981da0\" data-element_type=\"widget\" data-e-type=\"widget\" data-widget_type=\"image.default\">\n\t\t\t\t\t\t\t\t\t\t\t\t\t\t\t<img fetchpriority=\"high\" decoding=\"async\" width=\"600\" height=\"400\" src=\"https:\/\/industar.cxdesign.hu\/wp-content\/uploads\/2026\/02\/AdobeStock_301745235.webp\" class=\"attachment-full size-full wp-image-1867\" alt=\"\" srcset=\"https:\/\/industar.cxdesign.hu\/wp-content\/uploads\/2026\/02\/AdobeStock_301745235.webp 600w, https:\/\/industar.cxdesign.hu\/wp-content\/uploads\/2026\/02\/AdobeStock_301745235-300x200.webp 300w\" sizes=\"(max-width: 600px) 100vw, 600px\" \/>\t\t\t\t\t\t\t\t\t\t\t\t\t\t\t<\/div>\n\t\t<div class=\"elementor-element elementor-element-bf4c0ae e-con-full e-flex e-con e-child\" data-id=\"bf4c0ae\" data-element_type=\"container\" data-e-type=\"container\">\n\t\t\t\t<div class=\"elementor-element elementor-element-45c4aa9 elementor-widget elementor-widget-image\" data-id=\"45c4aa9\" data-element_type=\"widget\" data-e-type=\"widget\" data-widget_type=\"image.default\">\n\t\t\t\t\t\t\t\t\t\t\t\t\t\t\t<img decoding=\"async\" width=\"1014\" height=\"250\" src=\"https:\/\/industar.cxdesign.hu\/wp-content\/uploads\/2026\/02\/Map-02.jpg\" class=\"attachment-full size-full wp-image-1845\" alt=\"\" srcset=\"https:\/\/industar.cxdesign.hu\/wp-content\/uploads\/2026\/02\/Map-02.jpg 1014w, https:\/\/industar.cxdesign.hu\/wp-content\/uploads\/2026\/02\/Map-02-300x74.jpg 300w, https:\/\/industar.cxdesign.hu\/wp-content\/uploads\/2026\/02\/Map-02-768x189.jpg 768w\" sizes=\"(max-width: 1014px) 100vw, 1014px\" \/>\t\t\t\t\t\t\t\t\t\t\t\t\t\t\t<\/div>\n\t\t\t\t<\/div>\n\t\t\t\t<\/div>\n\t\t\t\t<\/div>\n\t\t\t\t<\/div>\n\t\t<div class=\"elementor-element elementor-element-15f8827 e-con-full e-flex e-con e-child\" data-id=\"15f8827\" data-element_type=\"container\" data-e-type=\"container\" data-settings=\"{&quot;background_background&quot;:&quot;classic&quot;}\">\n\t\t\t\t<\/div>\n\t\t\t\t<\/div>\n\t\t\t\t<\/div>\n\t\t","protected":false},"excerpt":{"rendered":"<p>Kapcsolat \u00e9s el\u00e9rhet\u0151s\u00e9gek Adja meg el\u00e9rhet\u0151s\u00e9g\u00e9t \u00e9s munkat\u00e1rsunk hamarosan felveni \u00d6nnel a kapcsolatot.<\/p>\n","protected":false},"author":1,"featured_media":0,"parent":0,"menu_order":0,"comment_status":"closed","ping_status":"closed","template":"","meta":{"footnotes":""},"class_list":["post-1764","page","type-page","status-publish","hentry"],"_links":{"self":[{"href":"https:\/\/industar.cxdesign.hu\/index.php?rest_route=\/wp\/v2\/pages\/1764","targetHints":{"allow":["GET"]}}],"collection":[{"href":"https:\/\/industar.cxdesign.hu\/index.php?rest_route=\/wp\/v2\/pages"}],"about":[{"href":"https:\/\/industar.cxdesign.hu\/index.php?rest_route=\/wp\/v2\/types\/page"}],"author":[{"embeddable":true,"href":"https:\/\/industar.cxdesign.hu\/index.php?rest_route=\/wp\/v2\/users\/1"}],"replies":[{"embeddable":true,"href":"https:\/\/industar.cxdesign.hu\/index.php?rest_route=%2Fwp%2Fv2%2Fcomments&post=1764"}],"version-history":[{"count":59,"href":"https:\/\/industar.cxdesign.hu\/index.php?rest_route=\/wp\/v2\/pages\/1764\/revisions"}],"predecessor-version":[{"id":1922,"href":"https:\/\/industar.cxdesign.hu\/index.php?rest_route=\/wp\/v2\/pages\/1764\/revisions\/1922"}],"wp:attachment":[{"href":"https:\/\/industar.cxdesign.hu\/index.php?rest_route=%2Fwp%2Fv2%2Fmedia&parent=1764"}],"curies":[{"name":"wp","href":"https:\/\/api.w.org\/{rel}","templated":true}]}}